{"id":241,"date":"2017-08-08T14:00:29","date_gmt":"2017-08-08T14:00:29","guid":{"rendered":"https:\/\/victorthemes.com\/themes\/groppe\/?page_id=241"},"modified":"2025-09-30T14:37:49","modified_gmt":"2025-09-30T11:37:49","slug":"about-us","status":"publish","type":"page","link":"https:\/\/kiyidosk.org\/tr\/about-us\/","title":{"rendered":"HAKKIMIZDA"},"content":{"rendered":"<div class=\"vc_row wpb_row vc_row-fluid grop-dhav-dotted vc_custom_1506604734439\"><div class=\"wpb_column vc_column_container text-left vc_col-sm-12 vc_col-lg-6 vc_col-md-6\"><div class=\"vc_column-inner vc_custom_1507708767000\"><div class=\"wpb_wrapper\">\n\t<div  class=\"wpb_single_image wpb_content_element vc_align_left\">\n\t\t\n\t\t<figure class=\"wpb_wrapper vc_figure\">\n\t\t\t<div class=\"vc_single_image-wrapper   vc_box_border_grey\"><img width=\"300\" height=\"57\" src=\"https:\/\/kiyidosk.org\/wp-content\/uploads\/2019\/07\/KIYIDOSK-TR-PNG-300x57.png\" class=\"vc_single_image-img attachment-medium\" alt=\"\" loading=\"lazy\" srcset=\"https:\/\/kiyidosk.org\/wp-content\/uploads\/2019\/07\/KIYIDOSK-TR-PNG-300x57.png 300w, https:\/\/kiyidosk.org\/wp-content\/uploads\/2019\/07\/KIYIDOSK-TR-PNG-768x147.png 768w, https:\/\/kiyidosk.org\/wp-content\/uploads\/2019\/07\/KIYIDOSK-TR-PNG-1024x196.png 1024w, https:\/\/kiyidosk.org\/wp-content\/uploads\/2019\/07\/KIYIDOSK-TR-PNG-600x115.png 600w\" sizes=\"(max-width: 300px) 100vw, 300px\" \/><\/div>\n\t\t<\/figure>\n\t<\/div>\n<\/div><\/div><\/div><div class=\"wpb_column vc_column_container text-left vc_col-sm-12 vc_col-lg-6 vc_col-md-6\"><div class=\"vc_column-inner vc_custom_1507709761955\"><div class=\"wpb_wrapper\">\n\t<div class=\"wpb_text_column wpb_content_element  grop-fix grop-about_txt\" >\n\t\t<div class=\"wpb_wrapper\">\n\t\t\t<p>K\u0131y\u0131k\u00f6y Do\u011fa Sporlar\u0131 Kul\u00fcb\u00fc Derne\u011fi (KIYIDOSK), 2019 y\u0131l\u0131nda T\u00fcrkiye'nin kuzeybat\u0131s\u0131ndaki K\u0131rklareli ilinin Vize il\u00e7esine ba\u011fl\u0131 2077 n\u00fcfuslu bir kasaba olan K\u0131y\u0131k\u00f6y'de kurulmu\u015f bir sivil toplum kurulu\u015fudur.<\/p>\n<p>KIYIDOSK yerel, ulusal, Avrupa ve uluslararas\u0131 d\u00fczeylerde k\u00fclt\u00fcrel, sosyal, e\u011fitimsel ve ekonomik kalk\u0131nmay\u0131 desteklemeye kararl\u0131d\u0131r. KIYIDOSK, her zaman \u00e7e\u015fitlili\u011fe de\u011fer veren insanlar\u0131n, sivil toplumun ve kurumlar\u0131n aktif kat\u0131l\u0131m\u0131 ile b\u00fcy\u00fcmeye ve geli\u015fmeye katk\u0131da bulunur.<\/p>\n<p>Ana ilgi alan\u0131, sa\u011fl\u0131\u011f\u0131, refah\u0131 ve sa\u011fl\u0131kl\u0131 ya\u015fam tarzlar\u0131n\u0131 te\u015fvik etmek i\u00e7in bir ara\u00e7 olarak kullan\u0131lan fiziksel aktivitedir. Spor yoluyla daha sa\u011fl\u0131kl\u0131 ve uyumlu bir toplum yarat\u0131labilece\u011fine inan\u0131yoruz. \u00c7al\u0131\u015fmalar\u0131m\u0131za, uluslararas\u0131la\u015fma s\u00fcre\u00e7lerinde \u00e7al\u0131\u015ft\u0131\u011f\u0131m\u0131z halk aras\u0131nda \u00e7evreye, sa\u011fl\u0131\u011fa ve sporun te\u015fvik edilmesine y\u00f6nelik iyi al\u0131\u015fkanl\u0131klar yayarak, fark\u0131ndal\u0131k yaratarak de\u011fi\u015fim i\u00e7in f\u0131rsatlar yaratt\u0131\u011f\u0131m\u0131z k\u0131rsal b\u00f6lgenin sakinlerini dahil ediyoruz.<\/p>\n\n\t\t<\/div>\n\t<\/div>\n<\/div><\/div><\/div><\/div><div data-vc-full-width=\"true\" data-vc-full-width-init=\"false\" data-vc-stretch-content=\"true\" class=\"vc_row wpb_row vc_row-fluid grop-dhav-dotted vc_row-no-padding\"><div class=\"wpb_column vc_column_container text-left vc_col-sm-12\"><div class=\"vc_column-inner\"><div class=\"wpb_wrapper\">    <div class=\"grop-missions_area\">\n     <div class=\"grop-missions_block container  grop-service-69d656bf3761f\">\n      <div class=\"con-class  grop-service-69d656bf3761f\">\n        <div class=\"row\">\n                      <div class=\"col-md-4 col-sm-4\">\n              <div class=\"grop-missions_single\">\n                                  <div class=\"grop-float_left  grop-missions_icon\">\n                    <img src=\"https:\/\/kiyidosk.org\/wp-content\/uploads\/2020\/07\/icons-sports.png\" alt=\"\" \/>\n                  <\/div>\n                                <div class=\"grop-fix grop-missions_txt\">\n                  <h4><a href=\"#0\" >Spor<\/a><\/h4><p>Avrupa'da ve \u00f6tesinde spor aktiviteleri ve hareketlilikler d\u00fczenliyor ve bunlara kat\u0131l\u0131yoruz.<\/p>                <\/div><!--\/end-->\n              <\/div>\n            <\/div>\n                      <div class=\"col-md-4 col-sm-4\">\n              <div class=\"grop-missions_single\">\n                                  <div class=\"grop-float_left  grop-missions_icon\">\n                    <img src=\"https:\/\/kiyidosk.org\/wp-content\/uploads\/2020\/07\/icons-nature.png\" alt=\"\" \/>\n                  <\/div>\n                                <div class=\"grop-fix grop-missions_txt\">\n                  <h4>Ye\u015fil<\/h4><p>Sporda, hareketlilikte, g\u00fcnl\u00fck ya\u015famda ve asl\u0131nda her \u015feyde ye\u015fil hareketi destekliyoruz.<\/p>                <\/div><!--\/end-->\n              <\/div>\n            <\/div>\n                      <div class=\"col-md-4 col-sm-4 col-sm-offset-0  col-md-offset-0\">\n              <div class=\"grop-missions_single\">\n                                  <div class=\"grop-float_left  grop-missions_icon\">\n                    <img src=\"https:\/\/kiyidosk.org\/wp-content\/uploads\/2020\/07\/icon-people.png\" alt=\"\" \/>\n                  <\/div>\n                                <div class=\"grop-fix grop-missions_txt\">\n                  <h4><a href=\"#0\" >E\u015fitlik<\/a><\/h4><p>K\u00fclt\u00fcrel arka plan, ten rengi, cinsiyet ve dine bak\u0131lmaks\u0131z\u0131n herkesin e\u015fit hak ve f\u0131rsatlardan yararlanmas\u0131 i\u00e7in \u00e7al\u0131\u015f\u0131yoruz.<\/p>                <\/div><!--\/end-->\n              <\/div>\n            <\/div>\n          \n        <\/div>\n      <\/div>\n    <\/div>\n  <\/div>\n<\/div><\/div><\/div><\/div><div class=\"vc_row-full-width vc_clearfix\"><\/div>","protected":false},"excerpt":{"rendered":"Kiyikoy Nature Sports Club Association (KIYIDOSK) is a nongovernmental organization founded in 2019 located in Kiyikoy, a village in the district of Vize in K\u0131rklareli province at northwestern Turkey, population 2077. KIYIDOSK is committed to promoting the cultural, social, educational and economic development at local, national, European and international levels. KIYIDOSK contributes to growth and ...","protected":false},"author":1,"featured_media":0,"parent":0,"menu_order":0,"comment_status":"closed","ping_status":"closed","template":"","meta":[],"_links":{"self":[{"href":"https:\/\/kiyidosk.org\/tr\/wp-json\/wp\/v2\/pages\/241"}],"collection":[{"href":"https:\/\/kiyidosk.org\/tr\/wp-json\/wp\/v2\/pages"}],"about":[{"href":"https:\/\/kiyidosk.org\/tr\/wp-json\/wp\/v2\/types\/page"}],"author":[{"embeddable":true,"href":"https:\/\/kiyidosk.org\/tr\/wp-json\/wp\/v2\/users\/1"}],"replies":[{"embeddable":true,"href":"https:\/\/kiyidosk.org\/tr\/wp-json\/wp\/v2\/comments?post=241"}],"version-history":[{"count":13,"href":"https:\/\/kiyidosk.org\/tr\/wp-json\/wp\/v2\/pages\/241\/revisions"}],"predecessor-version":[{"id":2850,"href":"https:\/\/kiyidosk.org\/tr\/wp-json\/wp\/v2\/pages\/241\/revisions\/2850"}],"wp:attachment":[{"href":"https:\/\/kiyidosk.org\/tr\/wp-json\/wp\/v2\/media?parent=241"}],"curies":[{"name":"wp","href":"https:\/\/api.w.org\/{rel}","templated":true}]}}