{"id":576,"date":"2017-08-21T07:43:19","date_gmt":"2017-08-21T07:43:19","guid":{"rendered":"https:\/\/victorthemes.com\/themes\/groppe\/?page_id=576"},"modified":"2020-07-28T15:23:46","modified_gmt":"2020-07-28T12:23:46","slug":"contact","status":"publish","type":"page","link":"https:\/\/kiyidosk.org\/tr\/contact\/","title":{"rendered":"\u0130leti\u015fim"},"content":{"rendered":"<div data-vc-full-width=\"true\" data-vc-full-width-init=\"false\" data-vc-stretch-content=\"true\" class=\"vc_row wpb_row vc_row-fluid grop-dhav-dotted\"><div class=\"wpb_column vc_column_container text-left vc_col-sm-12\"><div class=\"vc_column-inner\"><div class=\"wpb_wrapper\"><div class=\"wpb_gmaps_widget wpb_content_element\">\n\t\t<div class=\"wpb_wrapper\">\n\t\t<div class=\"wpb_map_wraper\">\n\t\t\t<iframe src=\"https:\/\/www.google.com\/maps\/embed?pb=!1m18!1m12!1m3!1d18663.31850708449!2d28.08616999885617!3d41.633232651403254!2m3!1f0!2f0!3f0!3m2!1i1024!2i768!4f13.1!3m3!1m2!1s0x40a089e6d6f493cb%3A0xc185eddf006105dc!2zMzk0MDAgS8SxecSxa8O2eS9WaXplL0vEsXJrbGFyZWxpLCBUdXJrZXk!5e0!3m2!1sen!2sit!4v1595863684906!5m2!1sen!2sit\" width=\"600\" height=\"450\" frameborder=\"0\" style=\"border:0;\" allowfullscreen=\"\" aria-hidden=\"false\" tabindex=\"0\"><\/iframe>\t\t<\/div>\n\t<\/div>\n<\/div>\n<\/div><\/div><\/div><\/div><div class=\"vc_row-full-width vc_clearfix\"><\/div><div class=\"vc_row wpb_row vc_row-fluid grop-dhav-dotted vc_custom_1595864768164\"><div class=\"wpb_column vc_column_container text-left vc_col-sm-12 vc_col-lg-4 vc_col-md-4\"><div class=\"vc_column-inner\"><div class=\"wpb_wrapper\">\n\t<div class=\"wpb_text_column wpb_content_element  grop-cgettouch_txt\" >\n\t\t<div class=\"wpb_wrapper\">\n\t\t\t<h3>B\u0130Z\u0130MLE \u0130LET\u0130\u015e\u0130ME GE\u00c7<\/h3>\n\n\t\t<\/div>\n\t<\/div>\n<div class=\"grop-cgettouch_info\">\n  <h4>Adres<\/h4>  <address class=\"grop-cgettouch_locn\">\n    <p>K\u0131y\u0131k\u00f6y Beldesi G\u00fcven Mah. Bal\u0131m Sk. No: 6 \u0130\u00e7 Kap\u0131 No: 1 Vize, K\u0131rklareli, Turkey<\/p><span>E-posta<a href=\"mailto:info@kiyidosk.org\">info@kiyidosk.org<\/a><\/span><span>Tel:<a href=\"call: +905445864087\">+90 544 586 40 87<\/a><\/span>  <\/address>\n<\/div>\n<\/div><\/div><\/div><div class=\"wpb_column vc_column_container text-left vc_col-sm-12 vc_col-lg-8 vc_col-md-8\"><div class=\"vc_column-inner vc_custom_1507709902761\"><div class=\"wpb_wrapper\"><div class=\"grop-contact_form grop-contact-69d46792f1b23\">[contact-form-7 404 \"Bulunamad\u0131\"]<\/div><\/div><\/div><\/div><div class=\"wpb_column vc_column_container text-left vc_col-sm-12\"><div class=\"vc_column-inner\"><div class=\"wpb_wrapper\"><\/div><\/div><\/div><\/div><div data-vc-full-width=\"true\" data-vc-full-width-init=\"false\" data-vc-stretch-content=\"true\" class=\"vc_row wpb_row vc_row-fluid grop-dhav-dotted vc_custom_1585342458041 vc_row-has-fill\"><div class=\"wpb_column vc_column_container text-left vc_col-sm-12\"><div class=\"vc_column-inner vc_custom_1505911260295\"><div class=\"wpb_wrapper\"><div class=\"grop-contact_social_area\"><div class=\"container\"><div class=\"text-center  grop-contact_social\"><h3>B\u0130Z\u0130 TAK\u0130P ET<\/h3><p>En son haberler ve g\u00fcncellemelerden haberdar olun ve payla\u015farak bize yard\u0131mc\u0131 olun.<\/p><ul class=\"list-inline  grop-csol_list\"><li><a href=\"https:\/\/www.facebook.com\/kiyidosk\" target=\"_blank\"><i class=\"fa fa-facebook-official\"><\/i><\/a><\/li><li><a href=\"https:\/\/www.twitter.com\/kiyidosk\" target=\"_blank\"><i class=\"fa fa-twitter\"><\/i><\/a><\/li><li><a href=\"https:\/\/www.instagram.com\/kiyidosk\" target=\"_blank\"><i class=\"fa fa-instagram\"><\/i><\/a><\/li><li><a href=\"https:\/\/www.linkedin.com\/company\/kiyidosk\" target=\"_blank\"><i class=\"fa fa-linkedin-square\"><\/i><\/a><\/li><\/ul><\/div><\/div><\/div><\/div><\/div><\/div><\/div><div class=\"vc_row-full-width vc_clearfix\"><\/div>","protected":false},"excerpt":{"rendered":"Contact Us Adress K\u0131y\u0131k\u00f6y Beldesi G\u00fcven Mah. Bal\u0131m Sk. No: 6 \u0130\u00e7 Kap\u0131 No: 1 Vize, K\u0131rklareli, TurkeyE-mail:info@kiyidosk.orgTel:+90 544 586 40 87 [contact-form-7 404 \"Bulunamad\u0131\"]FOLLOW USStay informed of the latest news and updates and help us by sharing.","protected":false},"author":1,"featured_media":0,"parent":0,"menu_order":0,"comment_status":"closed","ping_status":"closed","template":"","meta":[],"_links":{"self":[{"href":"https:\/\/kiyidosk.org\/tr\/wp-json\/wp\/v2\/pages\/576"}],"collection":[{"href":"https:\/\/kiyidosk.org\/tr\/wp-json\/wp\/v2\/pages"}],"about":[{"href":"https:\/\/kiyidosk.org\/tr\/wp-json\/wp\/v2\/types\/page"}],"author":[{"embeddable":true,"href":"https:\/\/kiyidosk.org\/tr\/wp-json\/wp\/v2\/users\/1"}],"replies":[{"embeddable":true,"href":"https:\/\/kiyidosk.org\/tr\/wp-json\/wp\/v2\/comments?post=576"}],"version-history":[{"count":13,"href":"https:\/\/kiyidosk.org\/tr\/wp-json\/wp\/v2\/pages\/576\/revisions"}],"predecessor-version":[{"id":3243,"href":"https:\/\/kiyidosk.org\/tr\/wp-json\/wp\/v2\/pages\/576\/revisions\/3243"}],"wp:attachment":[{"href":"https:\/\/kiyidosk.org\/tr\/wp-json\/wp\/v2\/media?parent=576"}],"curies":[{"name":"wp","href":"https:\/\/api.w.org\/{rel}","templated":true}]}}