{"id":601,"date":"2017-08-21T07:58:30","date_gmt":"2017-08-21T07:58:30","guid":{"rendered":"https:\/\/victorthemes.com\/themes\/groppe\/?page_id=601"},"modified":"2021-03-31T22:41:13","modified_gmt":"2021-03-31T19:41:13","slug":"projects","status":"publish","type":"page","link":"https:\/\/kiyidosk.org\/tr\/projects\/","title":{"rendered":"Projeler"},"content":{"rendered":"<div class=\"vc_row wpb_row vc_row-fluid grop-dhav-dotted vc_custom_1507011853944\"><div class=\"wpb_column vc_column_container text-left vc_col-sm-12\"><div class=\"vc_column-inner vc_custom_1592661205211\"><div class=\"wpb_wrapper\">    <div class=\"grop-project_grid_area\">\n      <div class=\"container\">\n        <div class=\"grop-filter_content_warp\">\n\n          <!-- Project Filter -->\n                    <div id=\"grop_filters\" class=\"text-left grop-projctfilter_nav  grop-project-69e8890193169\">\n            <ul class=\"text-uppercase list-inline\">\n        \t\t\t<li class=\"grop-filte_btn is-active\" data-filter=\"*\">T\u00fcm\u00fcn\u00fc G\u00f6ster<\/li>\n              <li class=\"grop-filte_btn cat-anti-discrimination\" data-filter=\".anti-discrimination\" title=\"Anti-discrimination\">Anti-discrimination<\/li><li class=\"grop-filte_btn cat-creativity\" data-filter=\".creativity\" title=\"Creativity\">Creativity<\/li><li class=\"grop-filte_btn cat-ecotourism\" data-filter=\".ecotourism\" title=\"Ecotourism\">Ecotourism<\/li><li class=\"grop-filte_btn cat-entrepreneurship\" data-filter=\".entrepreneurship\" title=\"Entrepreneurship\">Entrepreneurship<\/li><li class=\"grop-filte_btn cat-fake-news\" data-filter=\".fake-news\" title=\"Fake news\">Fake news<\/li><li class=\"grop-filte_btn cat-health\" data-filter=\".health\" title=\"Sa\u011fl\u0131k\">Sa\u011fl\u0131k<\/li><li class=\"grop-filte_btn cat-human-rights\" data-filter=\".human-rights\" title=\"Human rights\">Human rights<\/li><li class=\"grop-filte_btn cat-poetry\" data-filter=\".poetry\" title=\"Poetry\">Poetry<\/li><li class=\"grop-filte_btn cat-rural-development\" data-filter=\".rural-development\" title=\"Rural development\">Rural development<\/li><li class=\"grop-filte_btn cat-storytelling\" data-filter=\".storytelling\" title=\"Storytelling\">Storytelling<\/li><li class=\"grop-filte_btn cat-youth\" data-filter=\".youth\" title=\"Gen\u00e7lik\">Gen\u00e7lik<\/li>        \t\t<\/ul>\n          <\/div>\n          \n          <!-- Project Start -->\n          <div class=\"grop-filter_content  grop-projctfilter_content\">\n\n                        <div class=\"grop-filter_single_col  grop-projctfilter_col bpw-col-4  grop-project-69e8890193169 health\">\n              <div class=\"grop-projct_itm_warp\">\n                <!--project Media box start \\-->\n                <div class=\"grop-projct_media_box\">\n                  <a class=\"grop-cause_media_img\" href=\"https:\/\/kiyidosk.org\/tr\/project\/ornek-proje-sayfasi\/\">\n                    <img src=\"https:\/\/kiyidosk.org\/wp-content\/plugins\/groppe-core\/assets\/images\/420x280.jpg\" alt=\"Example Project Page\" \/>\n                  <\/a>\n                  \n                <\/div><!--\/end-->\n                \n                <!--project content text start \\-->\n                <div class=\"grop-projct_content_warp\">  \n                  <h4>\n                    <a href=\"https:\/\/kiyidosk.org\/tr\/project\/ornek-proje-sayfasi\/\">Example Project Page<\/a>\n                  <\/h4>\n                  <p>PROJECT DETAILS Project number: 2019-3-RO01-KA105-077818 Lifespan of the project: XX Project website: XX PROGRAMME DETAILS Financing Programme XX DEPARTMENT &amp; ...<\/p>\n                  <!--  project btn start  \\-->\n                  <a class=\"grop-btn grop-btn_overly grop-vpjct_btn\" href=\"https:\/\/kiyidosk.org\/tr\/project\/ornek-proje-sayfasi\/\">\n                    <span>View Project<\/span>\n                  <\/a><!--\/end-->\n                <\/div>\n              <\/div>\n            <\/div>\n\n                        <div class=\"grop-filter_single_col  grop-projctfilter_col bpw-col-4  grop-project-69e8890193169 youth\">\n              <div class=\"grop-projct_itm_warp\">\n                <!--project Media box start \\-->\n                <div class=\"grop-projct_media_box\">\n                  <a class=\"grop-cause_media_img\" href=\"https:\/\/kiyidosk.org\/tr\/project\/green-entrepreneurs\/\">\n                    <img src=\"https:\/\/kiyidosk.org\/wp-content\/uploads\/2020\/01\/Green-Entrepreneurs-360x234.png\" alt=\"Green Entrepreneurs\" \/>\n                  <\/a>\n                  \n                <\/div><!--\/end-->\n                \n                <!--project content text start \\-->\n                <div class=\"grop-projct_content_warp\">  \n                  <h4>\n                    <a href=\"https:\/\/kiyidosk.org\/tr\/project\/green-entrepreneurs\/\">Green Entrepreneurs<\/a>\n                  <\/h4>\n                  <p>PROJECT DETAILS Project number: 2019-3-RO01-KA105-077818 Lifespan of the project: 01-02-2020 - 30-11-2020 PROGRAMME DETAILS Financing Programme: Erasmus+ Key Action 1 ...<\/p>\n                  <!--  project btn start  \\-->\n                  <a class=\"grop-btn grop-btn_overly grop-vpjct_btn\" href=\"https:\/\/kiyidosk.org\/tr\/project\/green-entrepreneurs\/\">\n                    <span>View Project<\/span>\n                  <\/a><!--\/end-->\n                <\/div>\n              <\/div>\n            <\/div>\n\n                        <div class=\"grop-filter_single_col  grop-projctfilter_col bpw-col-4  grop-project-69e8890193169 ecotourism youth\">\n              <div class=\"grop-projct_itm_warp\">\n                <!--project Media box start \\-->\n                <div class=\"grop-projct_media_box\">\n                  <a class=\"grop-cause_media_img\" href=\"https:\/\/kiyidosk.org\/tr\/project\/tourismawareness\/\">\n                    <img src=\"https:\/\/kiyidosk.org\/wp-content\/plugins\/groppe-core\/assets\/images\/420x280.jpg\" alt=\"Tourismawareness\" \/>\n                  <\/a>\n                  \n                <\/div><!--\/end-->\n                \n                <!--project content text start \\-->\n                <div class=\"grop-projct_content_warp\">  \n                  <h4>\n                    <a href=\"https:\/\/kiyidosk.org\/tr\/project\/tourismawareness\/\">Tourismawareness<\/a>\n                  <\/h4>\n                  <p>PROJECT DETAILS Project number: 2020-1-TR01-KA105-084758 Lifespan of the project: 01\/09\/2020 - 31\/12\/2021 Project website: www.kiyikoyrehberi.com PROGRAMME DETAILS Financing Programme Erasmus+ ...<\/p>\n                  <!--  project btn start  \\-->\n                  <a class=\"grop-btn grop-btn_overly grop-vpjct_btn\" href=\"https:\/\/kiyidosk.org\/tr\/project\/tourismawareness\/\">\n                    <span>View Project<\/span>\n                  <\/a><!--\/end-->\n                <\/div>\n              <\/div>\n            <\/div>\n\n                        <div class=\"grop-filter_single_col  grop-projctfilter_col bpw-col-4  grop-project-69e8890193169 storytelling youth\">\n              <div class=\"grop-projct_itm_warp\">\n                <!--project Media box start \\-->\n                <div class=\"grop-projct_media_box\">\n                  <a class=\"grop-cause_media_img\" href=\"https:\/\/kiyidosk.org\/tr\/project\/gamythication\/\">\n                    <img src=\"https:\/\/kiyidosk.org\/wp-content\/plugins\/groppe-core\/assets\/images\/420x280.jpg\" alt=\"GaMYTHication\" \/>\n                  <\/a>\n                  \n                <\/div><!--\/end-->\n                \n                <!--project content text start \\-->\n                <div class=\"grop-projct_content_warp\">  \n                  <h4>\n                    <a href=\"https:\/\/kiyidosk.org\/tr\/project\/gamythication\/\">GaMYTHication<\/a>\n                  <\/h4>\n                  <p>PROJECT DETAILS Project number: 2020-1-PL01-KA105-079372 Lifespan of the project: 30\/09\/2020 - 30\/07\/2021 PROGRAMME DETAILS Financing Programme Erasmus+ Program - Key ...<\/p>\n                  <!--  project btn start  \\-->\n                  <a class=\"grop-btn grop-btn_overly grop-vpjct_btn\" href=\"https:\/\/kiyidosk.org\/tr\/project\/gamythication\/\">\n                    <span>View Project<\/span>\n                  <\/a><!--\/end-->\n                <\/div>\n              <\/div>\n            <\/div>\n\n                        <div class=\"grop-filter_single_col  grop-projctfilter_col bpw-col-4  grop-project-69e8890193169 creativity poetry youth\">\n              <div class=\"grop-projct_itm_warp\">\n                <!--project Media box start \\-->\n                <div class=\"grop-projct_media_box\">\n                  <a class=\"grop-cause_media_img\" href=\"https:\/\/kiyidosk.org\/tr\/project\/power-of-european-talented-romantic-youth\/\">\n                    <img src=\"https:\/\/kiyidosk.org\/wp-content\/plugins\/groppe-core\/assets\/images\/420x280.jpg\" alt=\"Power Of European Talented Romantic Youth\" \/>\n                  <\/a>\n                  \n                <\/div><!--\/end-->\n                \n                <!--project content text start \\-->\n                <div class=\"grop-projct_content_warp\">  \n                  <h4>\n                    <a href=\"https:\/\/kiyidosk.org\/tr\/project\/power-of-european-talented-romantic-youth\/\">Power Of European Talented Romantic Youth<\/a>\n                  <\/h4>\n                  <p>PROJECT DETAILS Project number: 2020-2-EL02-KA105-006238 Lifespan of the project: 15\/12\/2020 - 13\/05\/2021 PROGRAMME DETAILS Financing Programme Erasmus+ Program - Key ...<\/p>\n                  <!--  project btn start  \\-->\n                  <a class=\"grop-btn grop-btn_overly grop-vpjct_btn\" href=\"https:\/\/kiyidosk.org\/tr\/project\/power-of-european-talented-romantic-youth\/\">\n                    <span>View Project<\/span>\n                  <\/a><!--\/end-->\n                <\/div>\n              <\/div>\n            <\/div>\n\n                        <div class=\"grop-filter_single_col  grop-projctfilter_col bpw-col-4  grop-project-69e8890193169 anti-discrimination human-rights youth\">\n              <div class=\"grop-projct_itm_warp\">\n                <!--project Media box start \\-->\n                <div class=\"grop-projct_media_box\">\n                  <a class=\"grop-cause_media_img\" href=\"https:\/\/kiyidosk.org\/tr\/project\/social-dialog-based-on-openness\/\">\n                    <img src=\"https:\/\/kiyidosk.org\/wp-content\/plugins\/groppe-core\/assets\/images\/420x280.jpg\" alt=\"Social dialog based on openness\" \/>\n                  <\/a>\n                  \n                <\/div><!--\/end-->\n                \n                <!--project content text start \\-->\n                <div class=\"grop-projct_content_warp\">  \n                  <h4>\n                    <a href=\"https:\/\/kiyidosk.org\/tr\/project\/social-dialog-based-on-openness\/\">Social dialog based on openness<\/a>\n                  <\/h4>\n                  <p>PROJECT DETAILS Project number: 2020-2-LT02-KA105-006917 Lifespan of the project: 09\/09\/2020 - 08\/03\/2022 PROGRAMME DETAILS Financing Programme Erasmus+ Program - Key ...<\/p>\n                  <!--  project btn start  \\-->\n                  <a class=\"grop-btn grop-btn_overly grop-vpjct_btn\" href=\"https:\/\/kiyidosk.org\/tr\/project\/social-dialog-based-on-openness\/\">\n                    <span>View Project<\/span>\n                  <\/a><!--\/end-->\n                <\/div>\n              <\/div>\n            <\/div>\n\n                        <div class=\"grop-filter_single_col  grop-projctfilter_col bpw-col-4  grop-project-69e8890193169 rural-development youth\">\n              <div class=\"grop-projct_itm_warp\">\n                <!--project Media box start \\-->\n                <div class=\"grop-projct_media_box\">\n                  <a class=\"grop-cause_media_img\" href=\"https:\/\/kiyidosk.org\/tr\/project\/make-it-rural\/\">\n                    <img src=\"https:\/\/kiyidosk.org\/wp-content\/uploads\/2020\/11\/Logo-make-it-rural-project-logo-360x234.jpg\" alt=\"Make It Rural\" \/>\n                  <\/a>\n                  \n                <\/div><!--\/end-->\n                \n                <!--project content text start \\-->\n                <div class=\"grop-projct_content_warp\">  \n                  <h4>\n                    <a href=\"https:\/\/kiyidosk.org\/tr\/project\/make-it-rural\/\">Make It Rural<\/a>\n                  <\/h4>\n                  <p>PROJECT DETAILS Project number: 2020-1-ES02-KA105-014944 Lifespan of the project: 01\/05\/2020 - 30\/04\/2022 PROGRAMME DETAILS Financing Programme Erasmus+ Program - Key ...<\/p>\n                  <!--  project btn start  \\-->\n                  <a class=\"grop-btn grop-btn_overly grop-vpjct_btn\" href=\"https:\/\/kiyidosk.org\/tr\/project\/make-it-rural\/\">\n                    <span>View Project<\/span>\n                  <\/a><!--\/end-->\n                <\/div>\n              <\/div>\n            <\/div>\n\n                        <div class=\"grop-filter_single_col  grop-projctfilter_col bpw-col-4  grop-project-69e8890193169 health youth\">\n              <div class=\"grop-projct_itm_warp\">\n                <!--project Media box start \\-->\n                <div class=\"grop-projct_media_box\">\n                  <a class=\"grop-cause_media_img\" href=\"https:\/\/kiyidosk.org\/tr\/project\/nobesity\/\">\n                    <img src=\"https:\/\/kiyidosk.org\/wp-content\/plugins\/groppe-core\/assets\/images\/420x280.jpg\" alt=\"NObesity\" \/>\n                  <\/a>\n                  \n                <\/div><!--\/end-->\n                \n                <!--project content text start \\-->\n                <div class=\"grop-projct_content_warp\">  \n                  <h4>\n                    <a href=\"https:\/\/kiyidosk.org\/tr\/project\/nobesity\/\">NObesity<\/a>\n                  <\/h4>\n                  <p>PROJECT DETAILS Project number: 2019-1-TR01-KA105-073092 Lifespan of the project: 01\/08\/2019 - 31.07.2022 Venue: K\u0131y\u0131k\u00f6y, K\u0131rklareli, Turkey PROGRAMME DETAILS Financing Programme ...<\/p>\n                  <!--  project btn start  \\-->\n                  <a class=\"grop-btn grop-btn_overly grop-vpjct_btn\" href=\"https:\/\/kiyidosk.org\/tr\/project\/nobesity\/\">\n                    <span>View Project<\/span>\n                  <\/a><!--\/end-->\n                <\/div>\n              <\/div>\n            <\/div>\n\n                        <div class=\"grop-filter_single_col  grop-projctfilter_col bpw-col-4  grop-project-69e8890193169 entrepreneurship\">\n              <div class=\"grop-projct_itm_warp\">\n                <!--project Media box start \\-->\n                <div class=\"grop-projct_media_box\">\n                  <a class=\"grop-cause_media_img\" href=\"https:\/\/kiyidosk.org\/tr\/project\/our-skills-european-future-2\/\">\n                    <img src=\"https:\/\/kiyidosk.org\/wp-content\/plugins\/groppe-core\/assets\/images\/420x280.jpg\" alt=\"Our skills, European future\" \/>\n                  <\/a>\n                  \n                <\/div><!--\/end-->\n                \n                <!--project content text start \\-->\n                <div class=\"grop-projct_content_warp\">  \n                  <h4>\n                    <a href=\"https:\/\/kiyidosk.org\/tr\/project\/our-skills-european-future-2\/\">Our skills, European future<\/a>\n                  <\/h4>\n                  <p>PROJECT DETAILS Project number: 2020-1-LT02-KA105-006780 Lifespan of the project: 01-08-2020 - 30-09-2022 PROGRAMME DETAILS Financing Programme Erasmus+ Program \u2013 Key ...<\/p>\n                  <!--  project btn start  \\-->\n                  <a class=\"grop-btn grop-btn_overly grop-vpjct_btn\" href=\"https:\/\/kiyidosk.org\/tr\/project\/our-skills-european-future-2\/\">\n                    <span>View Project<\/span>\n                  <\/a><!--\/end-->\n                <\/div>\n              <\/div>\n            <\/div>\n\n                        <div class=\"grop-filter_single_col  grop-projctfilter_col bpw-col-4  grop-project-69e8890193169 anti-discrimination fake-news youth\">\n              <div class=\"grop-projct_itm_warp\">\n                <!--project Media box start \\-->\n                <div class=\"grop-projct_media_box\">\n                  <a class=\"grop-cause_media_img\" href=\"https:\/\/kiyidosk.org\/tr\/project\/stay-online-and-safe\/\">\n                    <img src=\"https:\/\/kiyidosk.org\/wp-content\/plugins\/groppe-core\/assets\/images\/420x280.jpg\" alt=\"Stay Online and Safe\" \/>\n                  <\/a>\n                  \n                <\/div><!--\/end-->\n                \n                <!--project content text start \\-->\n                <div class=\"grop-projct_content_warp\">  \n                  <h4>\n                    <a href=\"https:\/\/kiyidosk.org\/tr\/project\/stay-online-and-safe\/\">Stay Online and Safe<\/a>\n                  <\/h4>\n                  <p>PROJECT DETAILS Project number: 2020-2-TR01-KA105-095309 Lifespan of the project: 01\/12\/2020 - 31\/12\/2022 Project website: XX PROGRAMME DETAILS Financing Programme Erasmus+ ...<\/p>\n                  <!--  project btn start  \\-->\n                  <a class=\"grop-btn grop-btn_overly grop-vpjct_btn\" href=\"https:\/\/kiyidosk.org\/tr\/project\/stay-online-and-safe\/\">\n                    <span>View Project<\/span>\n                  <\/a><!--\/end-->\n                <\/div>\n              <\/div>\n            <\/div>\n\n                        <div class=\"grop-filter_single_col  grop-projctfilter_col bpw-col-4  grop-project-69e8890193169 rural-development youth\">\n              <div class=\"grop-projct_itm_warp\">\n                <!--project Media box start \\-->\n                <div class=\"grop-projct_media_box\">\n                  <a class=\"grop-cause_media_img\" href=\"https:\/\/kiyidosk.org\/tr\/project\/from-rural-to-plural\/\">\n                    <img src=\"https:\/\/kiyidosk.org\/wp-content\/uploads\/2024\/04\/Screen-Shot-2024-04-16-at-22.18.01-360x234.png\" alt=\"From Rural To Plural\" \/>\n                  <\/a>\n                  \n                <\/div><!--\/end-->\n                \n                <!--project content text start \\-->\n                <div class=\"grop-projct_content_warp\">  \n                  <h4>\n                    <a href=\"https:\/\/kiyidosk.org\/tr\/project\/from-rural-to-plural\/\">From Rural To Plural<\/a>\n                  <\/h4>\n                  <p>PROJECT DETAILS Project number: 2023-1-RO01-KA151-YOU-000124123 Lifespan of the project: 01-06-2023 - 31-08-2024 PROGRAMME DETAILS Financing Programme Erasmus+ Program - Key ...<\/p>\n                  <!--  project btn start  \\-->\n                  <a class=\"grop-btn grop-btn_overly grop-vpjct_btn\" href=\"https:\/\/kiyidosk.org\/tr\/project\/from-rural-to-plural\/\">\n                    <span>View Project<\/span>\n                  <\/a><!--\/end-->\n                <\/div>\n              <\/div>\n            <\/div>\n\n                        <div class=\"grop-filter_single_col  grop-projctfilter_col bpw-col-4  grop-project-69e8890193169\">\n              <div class=\"grop-projct_itm_warp\">\n                <!--project Media box start \\-->\n                <div class=\"grop-projct_media_box\">\n                  <a class=\"grop-cause_media_img\" href=\"https:\/\/kiyidosk.org\/tr\/project\/passion\/\">\n                    <img src=\"https:\/\/kiyidosk.org\/wp-content\/plugins\/groppe-core\/assets\/images\/420x280.jpg\" alt=\"PASSION\" \/>\n                  <\/a>\n                  \n                <\/div><!--\/end-->\n                \n                <!--project content text start \\-->\n                <div class=\"grop-projct_content_warp\">  \n                  <h4>\n                    <a href=\"https:\/\/kiyidosk.org\/tr\/project\/passion\/\">PASSION<\/a>\n                  <\/h4>\n                  <p>PROJECT DETAILS Project number: 101133800 Lifespan of the project: XX - 30\/09\/2025 Project website: https:\/\/www.passion-ets.eu\/ PROGRAMME DETAILS Financing Programme Erasmus+ ...<\/p>\n                  <!--  project btn start  \\-->\n                  <a class=\"grop-btn grop-btn_overly grop-vpjct_btn\" href=\"https:\/\/kiyidosk.org\/tr\/project\/passion\/\">\n                    <span>View Project<\/span>\n                  <\/a><!--\/end-->\n                <\/div>\n              <\/div>\n            <\/div>\n\n            \n          <\/div>\n          <!-- Project End -->\n\n        <\/div>\n      <\/div>\n            <div class=\"text-center grop-posts-pagination-warp\">\n    <nav class=\"navigation pagination\">\n      <div class=\"nav-links\">\n            <\/div>\n    <\/nav>\n  <\/div>\n    <\/div>      \n\n    <\/div><\/div><\/div><\/div><div data-vc-full-width=\"true\" data-vc-full-width-init=\"false\" class=\"vc_row wpb_row vc_row-fluid grop-dhav-dotted vc_custom_1585342425582 vc_row-has-fill\"><div class=\"wpb_column vc_column_container text-left vc_col-sm-12\"><div class=\"vc_column-inner vc_custom_1505915065273\"><div class=\"wpb_wrapper\"><div class=\"grop-callout_area  grop-parlx-69e8890261fd7\"><div class=\"grop-vertical_middle  grop-fix grop-callout_container   vc_custom_1504683801218\"><div class=\"grop-cta-cnt\" ><div class=\"text-left col-md-9   text-uppercase  grop-hm3callout_txt\"><p>B\u0130Z\u0130MLE YEN\u0130 PROJELER GEL\u0130\u015eT\u0130RMEK \u0130ST\u0130YORSAN HEMEN \u0130LET\u0130\u015e\u0130ME GE\u00c7<\/p>\n<\/div><\/div><div class=\"grop-float_right grop-callout_btn_warp\"><div class=\"calout-btn\"><a class=\"grop-btn grop-btn_overly grop-callout_btn grop-btn-69e8890262075-pif\" href=\"https:\/\/kiyidosk.org\/tr\/pif\/\"><span>PIF<\/span><\/a><\/div><\/div><\/div><\/div><\/div><\/div><\/div><\/div><div class=\"vc_row-full-width vc_clearfix\"><\/div>","protected":false},"excerpt":{"rendered":"PROJECT DETAILS Project number: 101133800 Lifespan of the project: XX - 30\/09\/2025 Project website: https:\/\/www.passion-ets.eu\/ PROGRAMME DETAILS Financing Programme Erasmus+ ...","protected":false},"author":1,"featured_media":0,"parent":0,"menu_order":0,"comment_status":"closed","ping_status":"closed","template":"","meta":[],"_links":{"self":[{"href":"https:\/\/kiyidosk.org\/tr\/wp-json\/wp\/v2\/pages\/601"}],"collection":[{"href":"https:\/\/kiyidosk.org\/tr\/wp-json\/wp\/v2\/pages"}],"about":[{"href":"https:\/\/kiyidosk.org\/tr\/wp-json\/wp\/v2\/types\/page"}],"author":[{"embeddable":true,"href":"https:\/\/kiyidosk.org\/tr\/wp-json\/wp\/v2\/users\/1"}],"replies":[{"embeddable":true,"href":"https:\/\/kiyidosk.org\/tr\/wp-json\/wp\/v2\/comments?post=601"}],"version-history":[{"count":12,"href":"https:\/\/kiyidosk.org\/tr\/wp-json\/wp\/v2\/pages\/601\/revisions"}],"predecessor-version":[{"id":3389,"href":"https:\/\/kiyidosk.org\/tr\/wp-json\/wp\/v2\/pages\/601\/revisions\/3389"}],"wp:attachment":[{"href":"https:\/\/kiyidosk.org\/tr\/wp-json\/wp\/v2\/media?parent=601"}],"curies":[{"name":"wp","href":"https:\/\/api.w.org\/{rel}","templated":true}]}}